{"id":245,"date":"2021-03-23T15:24:05","date_gmt":"2021-03-23T15:24:05","guid":{"rendered":"https:\/\/atelierdalice.com\/?page_id=245"},"modified":"2021-05-07T11:34:22","modified_gmt":"2021-05-07T11:34:22","slug":"about","status":"publish","type":"page","link":"https:\/\/atelierdalice.com\/de\/about","title":{"rendered":"About"},"content":{"rendered":"<div data-elementor-type=\"wp-page\" data-elementor-id=\"245\" class=\"elementor elementor-245\" data-elementor-post-type=\"page\">\n\t\t\t\t\t\t<section class=\"elementor-section elementor-top-section elementor-element elementor-element-61566fea elementor-reverse-tablet elementor-section-boxed elementor-section-height-default elementor-section-height-default\" data-id=\"61566fea\" data-element_type=\"section\" data-e-type=\"section\">\n\t\t\t\t\t\t<div class=\"elementor-container elementor-column-gap-default\">\n\t\t\t\t\t<div class=\"elementor-column elementor-col-50 elementor-top-column elementor-element elementor-element-2525e67d\" data-id=\"2525e67d\" data-element_type=\"column\" data-e-type=\"column\">\n\t\t\t<div class=\"elementor-widget-wrap elementor-element-populated\">\n\t\t\t\t\t\t<div class=\"elementor-element elementor-element-286320b0 elementor-widget elementor-widget-heading\" data-id=\"286320b0\" data-element_type=\"widget\" data-e-type=\"widget\" data-widget_type=\"heading.default\">\n\t\t\t\t<div class=\"elementor-widget-container\">\n\t\t\t\t\t<h1 class=\"elementor-heading-title elementor-size-default\">About<\/h1>\t\t\t\t<\/div>\n\t\t\t\t<\/div>\n\t\t\t\t<section class=\"elementor-section elementor-inner-section elementor-element elementor-element-34bb4be elementor-section-boxed elementor-section-height-default elementor-section-height-default\" data-id=\"34bb4be\" data-element_type=\"section\" data-e-type=\"section\">\n\t\t\t\t\t\t<div class=\"elementor-container elementor-column-gap-default\">\n\t\t\t\t\t<div class=\"elementor-column elementor-col-100 elementor-inner-column elementor-element elementor-element-5cd4266\" data-id=\"5cd4266\" data-element_type=\"column\" data-e-type=\"column\">\n\t\t\t<div class=\"elementor-widget-wrap elementor-element-populated\">\n\t\t\t\t\t\t<div class=\"elementor-element elementor-element-80045df elementor-widget elementor-widget-text-editor\" data-id=\"80045df\" data-element_type=\"widget\" data-e-type=\"widget\" data-widget_type=\"text-editor.default\">\n\t\t\t\t<div class=\"elementor-widget-container\">\n\t\t\t\t\t\t\t\t\t<p>Eine in ihrer unvergesslichen Farbe strahlende Blume formt jedes ihrer wundersch\u00f6nen Bl\u00e4tter zu einer Poesie der Natur. Daf\u00fcr ben\u00f6tigt sie Wasser, W\u00e4rme und Zeit - erst dann kann sie ihre Geschichte erz\u00e4hlen und f\u00fcr sich und uns in ihrer Einzigartigkeit strahlen.<\/p><p>Auch die wertvollsten Dinge in unserem Leben sind meist die, mit einer einzigartigen Geschichte. Egal ob es eine liebevolle Person, eine Erinnerung oder ein besonderes Kleidungsst\u00fcck ist, welches wir ganz nah und intim auf unserer Haut sp\u00fcren.<\/p><p>Im <em>Atelier d\u2019Alice&nbsp;<\/em>werden selbstverst\u00e4ndlich Naturstoffe wie Seide und Baumwolle mit der Poesie der Natur verbunden, um au\u00dfergew\u00f6hnliche Kunst und Mode herzustellen, in dem jedes individuelle St\u00fcck seine ganz eigene Geschichte erz\u00e4hlt.<\/p><p>Weil Kreativit\u00e4t und Wissen am besten ausgetauscht werden, wenn man der Natur sowie dem Menschen fair begegnet, ist die Haltung nach einer, ethisch korrekten und nachhaltigen Wertsch\u00f6pfungskette im <em>Atelier d\u2019Alice&nbsp;<\/em>.<\/p><p>Die Stoffe sind entweder vintage oder biologisch produziert und mit international anerkannten Siegeln wie bspw. dem GOTS Siegel versehen. <a href=\"https:\/\/www.youtube.com\/watch?v=xhQiGhnbDqw\">GOTS sea<\/a>l.<\/p><p>Gr\u00fcnderin Alicia Feig aus Berlin verarbeitet die hochwertigen Stoffe mit Blumen und Pflanzen aus der Natur mit Hilfe uralter japanischen F\u00e4rbertechniken.<\/p><p>Jedes einzelne St\u00fcck ist ein Unikat, denn ebenso wie in der wilden Natur kann man die genaue Entfaltung der Farben und Formen nie vorher exakt bestimmen.<\/p><blockquote><p><span style=\"color: #993300;\">\"Durch <em>Atelier d\u00b4Alice<\/em> habe ich mein Urvertrauen zur Natur zur\u00fcckgewonnen und gelernt, dass Diversit\u00e4t und Individualit\u00e4t der Schl\u00fcssel wahrer Sch\u00f6nheit sind\u201c<\/span> &#8211; <span style=\"color: #993300;\"><em>Alicia Feig<\/em><\/span><\/p><\/blockquote>\t\t\t\t\t\t\t\t<\/div>\n\t\t\t\t<\/div>\n\t\t\t\t\t<\/div>\n\t\t<\/div>\n\t\t\t\t\t<\/div>\n\t\t<\/section>\n\t\t\t\t\t<\/div>\n\t\t<\/div>\n\t\t\t\t<div class=\"elementor-column elementor-col-50 elementor-top-column elementor-element elementor-element-5bc0913\" data-id=\"5bc0913\" data-element_type=\"column\" data-e-type=\"column\">\n\t\t\t<div class=\"elementor-widget-wrap elementor-element-populated\">\n\t\t\t\t\t\t<section class=\"elementor-section elementor-inner-section elementor-element elementor-element-5e431f9 elementor-section-boxed elementor-section-height-default elementor-section-height-default\" data-id=\"5e431f9\" data-element_type=\"section\" data-e-type=\"section\">\n\t\t\t\t\t\t<div class=\"elementor-container elementor-column-gap-default\">\n\t\t\t\t\t<div class=\"elementor-column elementor-col-50 elementor-inner-column elementor-element elementor-element-6a3c47a\" data-id=\"6a3c47a\" data-element_type=\"column\" data-e-type=\"column\">\n\t\t\t<div class=\"elementor-widget-wrap elementor-element-populated\">\n\t\t\t\t\t\t<div class=\"elementor-element elementor-element-9720d03 elementor-widget elementor-widget-image\" data-id=\"9720d03\" data-element_type=\"widget\" data-e-type=\"widget\" data-widget_type=\"image.default\">\n\t\t\t\t<div class=\"elementor-widget-container\">\n\t\t\t\t\t\t\t\t\t\t\t\t\t\t\t<img fetchpriority=\"high\" decoding=\"async\" width=\"768\" height=\"1152\" src=\"https:\/\/atelierdalice.com\/wp-content\/uploads\/2021\/03\/atelier-alicia-169-768x1152.jpg\" class=\"attachment-medium_large size-medium_large wp-image-248\" alt=\"\" srcset=\"https:\/\/atelierdalice.com\/wp-content\/uploads\/2021\/03\/atelier-alicia-169-768x1152.jpg 768w, https:\/\/atelierdalice.com\/wp-content\/uploads\/2021\/03\/atelier-alicia-169-200x300.jpg 200w, https:\/\/atelierdalice.com\/wp-content\/uploads\/2021\/03\/atelier-alicia-169-683x1024.jpg 683w, https:\/\/atelierdalice.com\/wp-content\/uploads\/2021\/03\/atelier-alicia-169.jpg 800w\" sizes=\"(max-width: 768px) 100vw, 768px\" \/>\t\t\t\t\t\t\t\t\t\t\t\t\t\t\t<\/div>\n\t\t\t\t<\/div>\n\t\t\t\t\t<\/div>\n\t\t<\/div>\n\t\t\t\t<div class=\"elementor-column elementor-col-50 elementor-inner-column elementor-element elementor-element-71078d7\" data-id=\"71078d7\" data-element_type=\"column\" data-e-type=\"column\">\n\t\t\t<div class=\"elementor-widget-wrap elementor-element-populated\">\n\t\t\t\t\t\t<div class=\"elementor-element elementor-element-76f73fe9 elementor-widget elementor-widget-image\" data-id=\"76f73fe9\" data-element_type=\"widget\" data-e-type=\"widget\" data-widget_type=\"image.default\">\n\t\t\t\t<div class=\"elementor-widget-container\">\n\t\t\t\t\t\t\t\t\t\t\t\t\t\t\t<img decoding=\"async\" width=\"768\" height=\"1152\" src=\"https:\/\/atelierdalice.com\/wp-content\/uploads\/2021\/03\/atelier-alicia-168-768x1152.jpg\" class=\"attachment-medium_large size-medium_large wp-image-247\" alt=\"\" srcset=\"https:\/\/atelierdalice.com\/wp-content\/uploads\/2021\/03\/atelier-alicia-168-768x1152.jpg 768w, https:\/\/atelierdalice.com\/wp-content\/uploads\/2021\/03\/atelier-alicia-168-200x300.jpg 200w, https:\/\/atelierdalice.com\/wp-content\/uploads\/2021\/03\/atelier-alicia-168-683x1024.jpg 683w, https:\/\/atelierdalice.com\/wp-content\/uploads\/2021\/03\/atelier-alicia-168.jpg 800w\" sizes=\"(max-width: 768px) 100vw, 768px\" \/>\t\t\t\t\t\t\t\t\t\t\t\t\t\t\t<\/div>\n\t\t\t\t<\/div>\n\t\t\t\t\t<\/div>\n\t\t<\/div>\n\t\t\t\t\t<\/div>\n\t\t<\/section>\n\t\t\t\t<section class=\"elementor-section elementor-inner-section elementor-element elementor-element-1507d2c elementor-section-boxed elementor-section-height-default elementor-section-height-default\" data-id=\"1507d2c\" data-element_type=\"section\" data-e-type=\"section\">\n\t\t\t\t\t\t<div class=\"elementor-container elementor-column-gap-default\">\n\t\t\t\t\t<div class=\"elementor-column elementor-col-100 elementor-inner-column elementor-element elementor-element-3cedba0\" data-id=\"3cedba0\" data-element_type=\"column\" data-e-type=\"column\">\n\t\t\t<div class=\"elementor-widget-wrap elementor-element-populated\">\n\t\t\t\t\t\t<div class=\"elementor-element elementor-element-bbc9de1 elementor-widget elementor-widget-image\" data-id=\"bbc9de1\" data-element_type=\"widget\" data-e-type=\"widget\" data-widget_type=\"image.default\">\n\t\t\t\t<div class=\"elementor-widget-container\">\n\t\t\t\t\t\t\t\t\t\t\t\t\t\t\t<img decoding=\"async\" width=\"600\" height=\"400\" src=\"https:\/\/atelierdalice.com\/wp-content\/uploads\/2021\/05\/DSC06815-1.jpg\" class=\"attachment-medium_large size-medium_large wp-image-730\" alt=\"\" srcset=\"https:\/\/atelierdalice.com\/wp-content\/uploads\/2021\/05\/DSC06815-1.jpg 600w, https:\/\/atelierdalice.com\/wp-content\/uploads\/2021\/05\/DSC06815-1-300x200.jpg 300w, https:\/\/atelierdalice.com\/wp-content\/uploads\/2021\/05\/DSC06815-1-16x12.jpg 16w\" sizes=\"(max-width: 600px) 100vw, 600px\" \/>\t\t\t\t\t\t\t\t\t\t\t\t\t\t\t<\/div>\n\t\t\t\t<\/div>\n\t\t\t\t\t<\/div>\n\t\t<\/div>\n\t\t\t\t\t<\/div>\n\t\t<\/section>\n\t\t\t\t\t<\/div>\n\t\t<\/div>\n\t\t\t\t\t<\/div>\n\t\t<\/section>\n\t\t\t\t<\/div>","protected":false},"excerpt":{"rendered":"<p>About A flower radiant in its unforgettable color shapes each of its beautiful leaves into a poetry of nature. For this it needs water, warmth and time &#8211; only then can it tell its story and shine for itself and us in its uniqueness. Even the most precious things in our lives are usually those&hellip;<\/p>","protected":false},"author":1,"featured_media":0,"parent":0,"menu_order":1,"comment_status":"closed","ping_status":"closed","template":"","meta":{"footnotes":""},"class_list":["post-245","page","type-page","status-publish","hentry"],"yoast_head":"<!-- This site is optimized with the Yoast SEO plugin v27.3 - https:\/\/yoast.com\/product\/yoast-seo-wordpress\/ -->\n<title>About - Atelier dAlice<\/title>\n<meta name=\"robots\" content=\"index, follow, max-snippet:-1, max-image-preview:large, max-video-preview:-1\" \/>\n<link rel=\"canonical\" href=\"https:\/\/atelierdalice.com\/de\/about\" \/>\n<meta property=\"og:locale\" content=\"de_DE\" \/>\n<meta property=\"og:type\" content=\"article\" \/>\n<meta property=\"og:title\" content=\"About - Atelier dAlice\" \/>\n<meta property=\"og:description\" content=\"About A flower radiant in its unforgettable color shapes each of its beautiful leaves into a poetry of nature. For this it needs water, warmth and time &#8211; only then can it tell its story and shine for itself and us in its uniqueness. Even the most precious things in our lives are usually those&hellip;\" \/>\n<meta property=\"og:url\" content=\"https:\/\/atelierdalice.com\/de\/about\" \/>\n<meta property=\"og:site_name\" content=\"Atelier dAlice\" \/>\n<meta property=\"article:modified_time\" content=\"2021-05-07T11:34:22+00:00\" \/>\n<meta property=\"og:image\" content=\"https:\/\/atelierdalice.com\/wp-content\/uploads\/2021\/03\/atelier-alicia-169-768x1152.jpg\" \/>\n<meta name=\"twitter:card\" content=\"summary_large_image\" \/>\n<meta name=\"twitter:label1\" content=\"Gesch\u00e4tzte Lesezeit\" \/>\n\t<meta name=\"twitter:data1\" content=\"2\u00a0Minuten\" \/>\n<script type=\"application\/ld+json\" class=\"yoast-schema-graph\">{\"@context\":\"https:\\\/\\\/schema.org\",\"@graph\":[{\"@type\":\"WebPage\",\"@id\":\"https:\\\/\\\/atelierdalice.com\\\/de\\\/about\",\"url\":\"https:\\\/\\\/atelierdalice.com\\\/de\\\/about\",\"name\":\"About - Atelier dAlice\",\"isPartOf\":{\"@id\":\"https:\\\/\\\/atelierdalice.com\\\/de\\\/#website\"},\"primaryImageOfPage\":{\"@id\":\"https:\\\/\\\/atelierdalice.com\\\/de\\\/about#primaryimage\"},\"image\":{\"@id\":\"https:\\\/\\\/atelierdalice.com\\\/de\\\/about#primaryimage\"},\"thumbnailUrl\":\"https:\\\/\\\/atelierdalice.com\\\/wp-content\\\/uploads\\\/2021\\\/03\\\/atelier-alicia-169-768x1152.jpg\",\"datePublished\":\"2021-03-23T15:24:05+00:00\",\"dateModified\":\"2021-05-07T11:34:22+00:00\",\"breadcrumb\":{\"@id\":\"https:\\\/\\\/atelierdalice.com\\\/de\\\/about#breadcrumb\"},\"inLanguage\":\"de\",\"potentialAction\":[{\"@type\":\"ReadAction\",\"target\":[\"https:\\\/\\\/atelierdalice.com\\\/de\\\/about\"]}]},{\"@type\":\"ImageObject\",\"inLanguage\":\"de\",\"@id\":\"https:\\\/\\\/atelierdalice.com\\\/de\\\/about#primaryimage\",\"url\":\"https:\\\/\\\/atelierdalice.com\\\/wp-content\\\/uploads\\\/2021\\\/03\\\/atelier-alicia-169-768x1152.jpg\",\"contentUrl\":\"https:\\\/\\\/atelierdalice.com\\\/wp-content\\\/uploads\\\/2021\\\/03\\\/atelier-alicia-169-768x1152.jpg\"},{\"@type\":\"BreadcrumbList\",\"@id\":\"https:\\\/\\\/atelierdalice.com\\\/de\\\/about#breadcrumb\",\"itemListElement\":[{\"@type\":\"ListItem\",\"position\":1,\"name\":\"Startseite\",\"item\":\"https:\\\/\\\/atelierdalice.com\\\/\"},{\"@type\":\"ListItem\",\"position\":2,\"name\":\"About\"}]},{\"@type\":\"WebSite\",\"@id\":\"https:\\\/\\\/atelierdalice.com\\\/de\\\/#website\",\"url\":\"https:\\\/\\\/atelierdalice.com\\\/de\\\/\",\"name\":\"Atelier dAlice\",\"description\":\"Kleidung nachhaltig f\u00e4rben\",\"publisher\":{\"@id\":\"https:\\\/\\\/atelierdalice.com\\\/de\\\/#organization\"},\"potentialAction\":[{\"@type\":\"SearchAction\",\"target\":{\"@type\":\"EntryPoint\",\"urlTemplate\":\"https:\\\/\\\/atelierdalice.com\\\/de\\\/?s={search_term_string}\"},\"query-input\":{\"@type\":\"PropertyValueSpecification\",\"valueRequired\":true,\"valueName\":\"search_term_string\"}}],\"inLanguage\":\"de\"},{\"@type\":\"Organization\",\"@id\":\"https:\\\/\\\/atelierdalice.com\\\/de\\\/#organization\",\"name\":\"Atelier dAlice\",\"url\":\"https:\\\/\\\/atelierdalice.com\\\/de\\\/\",\"logo\":{\"@type\":\"ImageObject\",\"inLanguage\":\"de\",\"@id\":\"https:\\\/\\\/atelierdalice.com\\\/de\\\/#\\\/schema\\\/logo\\\/image\\\/\",\"url\":\"https:\\\/\\\/atelierdalice.com\\\/wp-content\\\/uploads\\\/2021\\\/03\\\/Atelier-dalice-Logo-web-1.jpg\",\"contentUrl\":\"https:\\\/\\\/atelierdalice.com\\\/wp-content\\\/uploads\\\/2021\\\/03\\\/Atelier-dalice-Logo-web-1.jpg\",\"width\":426,\"height\":166,\"caption\":\"Atelier dAlice\"},\"image\":{\"@id\":\"https:\\\/\\\/atelierdalice.com\\\/de\\\/#\\\/schema\\\/logo\\\/image\\\/\"}}]}<\/script>\n<!-- \/ Yoast SEO plugin. -->","yoast_head_json":{"title":"About - Atelier dAlice","robots":{"index":"index","follow":"follow","max-snippet":"max-snippet:-1","max-image-preview":"max-image-preview:large","max-video-preview":"max-video-preview:-1"},"canonical":"https:\/\/atelierdalice.com\/de\/about","og_locale":"de_DE","og_type":"article","og_title":"About - Atelier dAlice","og_description":"About A flower radiant in its unforgettable color shapes each of its beautiful leaves into a poetry of nature. For this it needs water, warmth and time &#8211; only then can it tell its story and shine for itself and us in its uniqueness. Even the most precious things in our lives are usually those&hellip;","og_url":"https:\/\/atelierdalice.com\/de\/about","og_site_name":"Atelier dAlice","article_modified_time":"2021-05-07T11:34:22+00:00","og_image":[{"url":"https:\/\/atelierdalice.com\/wp-content\/uploads\/2021\/03\/atelier-alicia-169-768x1152.jpg","type":"","width":"","height":""}],"twitter_card":"summary_large_image","twitter_misc":{"Gesch\u00e4tzte Lesezeit":"2\u00a0Minuten"},"schema":{"@context":"https:\/\/schema.org","@graph":[{"@type":"WebPage","@id":"https:\/\/atelierdalice.com\/de\/about","url":"https:\/\/atelierdalice.com\/de\/about","name":"About - Atelier dAlice","isPartOf":{"@id":"https:\/\/atelierdalice.com\/de\/#website"},"primaryImageOfPage":{"@id":"https:\/\/atelierdalice.com\/de\/about#primaryimage"},"image":{"@id":"https:\/\/atelierdalice.com\/de\/about#primaryimage"},"thumbnailUrl":"https:\/\/atelierdalice.com\/wp-content\/uploads\/2021\/03\/atelier-alicia-169-768x1152.jpg","datePublished":"2021-03-23T15:24:05+00:00","dateModified":"2021-05-07T11:34:22+00:00","breadcrumb":{"@id":"https:\/\/atelierdalice.com\/de\/about#breadcrumb"},"inLanguage":"de","potentialAction":[{"@type":"ReadAction","target":["https:\/\/atelierdalice.com\/de\/about"]}]},{"@type":"ImageObject","inLanguage":"de","@id":"https:\/\/atelierdalice.com\/de\/about#primaryimage","url":"https:\/\/atelierdalice.com\/wp-content\/uploads\/2021\/03\/atelier-alicia-169-768x1152.jpg","contentUrl":"https:\/\/atelierdalice.com\/wp-content\/uploads\/2021\/03\/atelier-alicia-169-768x1152.jpg"},{"@type":"BreadcrumbList","@id":"https:\/\/atelierdalice.com\/de\/about#breadcrumb","itemListElement":[{"@type":"ListItem","position":1,"name":"Startseite","item":"https:\/\/atelierdalice.com\/"},{"@type":"ListItem","position":2,"name":"About"}]},{"@type":"WebSite","@id":"https:\/\/atelierdalice.com\/de\/#website","url":"https:\/\/atelierdalice.com\/de\/","name":"Atelier dAlice","description":"Kleidung nachhaltig f\u00e4rben","publisher":{"@id":"https:\/\/atelierdalice.com\/de\/#organization"},"potentialAction":[{"@type":"SearchAction","target":{"@type":"EntryPoint","urlTemplate":"https:\/\/atelierdalice.com\/de\/?s={search_term_string}"},"query-input":{"@type":"PropertyValueSpecification","valueRequired":true,"valueName":"search_term_string"}}],"inLanguage":"de"},{"@type":"Organization","@id":"https:\/\/atelierdalice.com\/de\/#organization","name":"Atelier dAlice","url":"https:\/\/atelierdalice.com\/de\/","logo":{"@type":"ImageObject","inLanguage":"de","@id":"https:\/\/atelierdalice.com\/de\/#\/schema\/logo\/image\/","url":"https:\/\/atelierdalice.com\/wp-content\/uploads\/2021\/03\/Atelier-dalice-Logo-web-1.jpg","contentUrl":"https:\/\/atelierdalice.com\/wp-content\/uploads\/2021\/03\/Atelier-dalice-Logo-web-1.jpg","width":426,"height":166,"caption":"Atelier dAlice"},"image":{"@id":"https:\/\/atelierdalice.com\/de\/#\/schema\/logo\/image\/"}}]}},"_links":{"self":[{"href":"https:\/\/atelierdalice.com\/de\/wp-json\/wp\/v2\/pages\/245","targetHints":{"allow":["GET"]}}],"collection":[{"href":"https:\/\/atelierdalice.com\/de\/wp-json\/wp\/v2\/pages"}],"about":[{"href":"https:\/\/atelierdalice.com\/de\/wp-json\/wp\/v2\/types\/page"}],"author":[{"embeddable":true,"href":"https:\/\/atelierdalice.com\/de\/wp-json\/wp\/v2\/users\/1"}],"replies":[{"embeddable":true,"href":"https:\/\/atelierdalice.com\/de\/wp-json\/wp\/v2\/comments?post=245"}],"version-history":[{"count":70,"href":"https:\/\/atelierdalice.com\/de\/wp-json\/wp\/v2\/pages\/245\/revisions"}],"predecessor-version":[{"id":844,"href":"https:\/\/atelierdalice.com\/de\/wp-json\/wp\/v2\/pages\/245\/revisions\/844"}],"wp:attachment":[{"href":"https:\/\/atelierdalice.com\/de\/wp-json\/wp\/v2\/media?parent=245"}],"curies":[{"name":"wp","href":"https:\/\/api.w.org\/{rel}","templated":true}]}}