{"id":256,"date":"2021-03-23T15:33:48","date_gmt":"2021-03-23T15:33:39","guid":{"rendered":"https:\/\/atelierdalice.com\/?page_id=256"},"modified":"2021-05-07T11:50:42","modified_gmt":"2021-05-07T11:50:42","slug":"our-promise","status":"publish","type":"page","link":"https:\/\/atelierdalice.com\/de\/about\/our-promise","title":{"rendered":"Our Promise"},"content":{"rendered":"<div data-elementor-type=\"wp-page\" data-elementor-id=\"256\" class=\"elementor elementor-256\" data-elementor-post-type=\"page\">\n\t\t\t\t\t\t<section class=\"elementor-section elementor-top-section elementor-element elementor-element-5469c1d5 elementor-reverse-mobile elementor-section-boxed elementor-section-height-default elementor-section-height-default\" data-id=\"5469c1d5\" data-element_type=\"section\" data-e-type=\"section\">\n\t\t\t\t\t\t<div class=\"elementor-container elementor-column-gap-default\">\n\t\t\t\t\t<div class=\"elementor-column elementor-col-33 elementor-top-column elementor-element elementor-element-13c271b2\" data-id=\"13c271b2\" data-element_type=\"column\" data-e-type=\"column\">\n\t\t\t<div class=\"elementor-widget-wrap elementor-element-populated\">\n\t\t\t\t\t\t<div class=\"elementor-element elementor-element-7d6105ba elementor-widget elementor-widget-image\" data-id=\"7d6105ba\" data-element_type=\"widget\" data-e-type=\"widget\" data-widget_type=\"image.default\">\n\t\t\t\t<div class=\"elementor-widget-container\">\n\t\t\t\t\t\t\t\t\t\t\t\t\t\t\t<img fetchpriority=\"high\" decoding=\"async\" width=\"400\" height=\"600\" src=\"https:\/\/atelierdalice.com\/wp-content\/uploads\/2021\/03\/Alicia3web.jpg\" class=\"attachment-large size-large wp-image-129\" alt=\"\" srcset=\"https:\/\/atelierdalice.com\/wp-content\/uploads\/2021\/03\/Alicia3web.jpg 400w, https:\/\/atelierdalice.com\/wp-content\/uploads\/2021\/03\/Alicia3web-200x300.jpg 200w\" sizes=\"(max-width: 400px) 100vw, 400px\" \/>\t\t\t\t\t\t\t\t\t\t\t\t\t\t\t<\/div>\n\t\t\t\t<\/div>\n\t\t\t\t\t<\/div>\n\t\t<\/div>\n\t\t\t\t<div class=\"elementor-column elementor-col-66 elementor-top-column elementor-element elementor-element-706be932\" data-id=\"706be932\" data-element_type=\"column\" data-e-type=\"column\" data-settings=\"{&quot;background_background&quot;:&quot;classic&quot;}\">\n\t\t\t<div class=\"elementor-widget-wrap elementor-element-populated\">\n\t\t\t\t\t\t<div class=\"elementor-element elementor-element-767f2acd elementor-widget elementor-widget-heading\" data-id=\"767f2acd\" data-element_type=\"widget\" data-e-type=\"widget\" data-widget_type=\"heading.default\">\n\t\t\t\t<div class=\"elementor-widget-container\">\n\t\t\t\t\t<h1 class=\"elementor-heading-title elementor-size-default\">Unser Versprechen<\/h1>\t\t\t\t<\/div>\n\t\t\t\t<\/div>\n\t\t\t\t<section class=\"elementor-section elementor-inner-section elementor-element elementor-element-3f7c854a elementor-section-boxed elementor-section-height-default elementor-section-height-default\" data-id=\"3f7c854a\" data-element_type=\"section\" data-e-type=\"section\">\n\t\t\t\t\t\t<div class=\"elementor-container elementor-column-gap-default\">\n\t\t\t\t\t<div class=\"elementor-column elementor-col-100 elementor-inner-column elementor-element elementor-element-20cbe38f\" data-id=\"20cbe38f\" data-element_type=\"column\" data-e-type=\"column\">\n\t\t\t<div class=\"elementor-widget-wrap elementor-element-populated\">\n\t\t\t\t\t\t<div class=\"elementor-element elementor-element-5d12863c elementor-widget elementor-widget-text-editor\" data-id=\"5d12863c\" data-element_type=\"widget\" data-e-type=\"widget\" data-widget_type=\"text-editor.default\">\n\t\t\t\t<div class=\"elementor-widget-container\">\n\t\t\t\t\t\t\t\t\t<p>Unser Konsumverhalten im Fast-Fashion-Zeitalter wird gr\u00f6\u00dfer und die meist billigen Produkte die wir konsumieren, werden leider immer weniger wertgesch\u00e4tzt. Im Durchschnitt besitzt ein Kleidungsst\u00fcck nur eine Lebensdauer von ca. ein bis drei Jahren.<\/p><p>90% der in Deutschland gekauften Textilien kommen aus Importl\u00e4ndern wie China, Indien oder Bangladesch. Bei der Herstellung und Produktion von Baumwolle oder synthetischen Fasern wie Polyester werden Unmengen an Wasser, Chemikalien und Pestiziden eingesetzt, die die Umwelt stark belasten. Durch chemische F\u00e4rbungen wird unser Grundwasser verschmutzt und schadet so unserer Gesundheit.<\/p><p>Diese Stoffe sind schwer abbaubar und landen nach einer viel zu geringen Tragedauer auf den gro\u00dfen M\u00fclldeponien in Afrika oder Asien - wo sie fr\u00fcher oder sp\u00e4ter die Fl\u00fcsse und Meere verschmutzen und Mensch, Tier und Umwelt belasten.<\/p><blockquote><h4><span style=\"color: #993300;\">Atelier d\u2019Alice dagegen steht f\u00fcr Slow-Fashion und eine umweltbewusste und nachhaltige Verarbeitung jedes einzelnen St\u00fcckes.<\/span><\/h4><\/blockquote><p>Um die Natur so wenig wie m\u00f6glich zu belasten, liegt der Fokus unserer Kollektionen auf Vintage-Naturstoffen wie Seide und Baumwolle, welche nur mit nat\u00fcrlichen Produkten aus der Umgebung behandelt und dann gef\u00e4rbt werden (Rosen, Dahlien, Kreppwurzel etc.).<\/p><p>Bei neu produzierten Kleidungsst\u00fccken wird darauf geachtet, dass vom Garn, Innenfutter bis hin zum Stoff selbst, ausschlie\u00dflich Bio-Stoffe verwendet werden und diese auch durch international anerkannte G\u00fctesiegel ausgezeichnet sind. <\/p>\t\t\t\t\t\t\t\t<\/div>\n\t\t\t\t<\/div>\n\t\t\t\t\t<\/div>\n\t\t<\/div>\n\t\t\t\t\t<\/div>\n\t\t<\/section>\n\t\t\t\t\t<\/div>\n\t\t<\/div>\n\t\t\t\t\t<\/div>\n\t\t<\/section>\n\t\t\t\t<section class=\"elementor-section elementor-top-section elementor-element elementor-element-40f0a42 elementor-section-boxed elementor-section-height-default elementor-section-height-default\" data-id=\"40f0a42\" data-element_type=\"section\" data-e-type=\"section\">\n\t\t\t\t\t\t<div class=\"elementor-container elementor-column-gap-default\">\n\t\t\t\t\t<div class=\"elementor-column elementor-col-100 elementor-top-column elementor-element elementor-element-378c49d\" data-id=\"378c49d\" data-element_type=\"column\" data-e-type=\"column\">\n\t\t\t<div class=\"elementor-widget-wrap elementor-element-populated\">\n\t\t\t\t\t\t<section class=\"elementor-section elementor-inner-section elementor-element elementor-element-8dd33dd elementor-section-boxed elementor-section-height-default elementor-section-height-default\" data-id=\"8dd33dd\" data-element_type=\"section\" data-e-type=\"section\">\n\t\t\t\t\t\t<div class=\"elementor-container elementor-column-gap-default\">\n\t\t\t\t\t<div class=\"elementor-column elementor-col-100 elementor-inner-column elementor-element elementor-element-a7878fe\" data-id=\"a7878fe\" data-element_type=\"column\" data-e-type=\"column\">\n\t\t\t<div class=\"elementor-widget-wrap elementor-element-populated\">\n\t\t\t\t\t\t<div class=\"elementor-element elementor-element-f055e0d elementor-widget elementor-widget-text-editor\" data-id=\"f055e0d\" data-element_type=\"widget\" data-e-type=\"widget\" data-widget_type=\"text-editor.default\">\n\t\t\t\t<div class=\"elementor-widget-container\">\n\t\t\t\t\t\t\t\t\t<p>Wir arbeiten, neben unserer eigenen Produktion in Berlin, in Kooperation mit sorgf\u00e4ltig ausgew\u00e4hlten Lieferant*Innen und K\u00fcnstler*Innen zusammen. Wir unterst\u00fctzen uns gegenseitig und arbeiten gemeinsam im Einklang der Natur.<\/p><p><span style=\"color: #993300;\"><i>Begleite uns auf dieser wundersch\u00f6nen Reise und werde Teil der Atelier d\u2019Alice Community.<\/i><\/span><\/p>\t\t\t\t\t\t\t\t<\/div>\n\t\t\t\t<\/div>\n\t\t\t\t\t<\/div>\n\t\t<\/div>\n\t\t\t\t\t<\/div>\n\t\t<\/section>\n\t\t\t\t\t<\/div>\n\t\t<\/div>\n\t\t\t\t\t<\/div>\n\t\t<\/section>\n\t\t\t\t<section class=\"elementor-section elementor-top-section elementor-element elementor-element-a771e96 elementor-section-boxed elementor-section-height-default elementor-section-height-default\" data-id=\"a771e96\" data-element_type=\"section\" data-e-type=\"section\">\n\t\t\t\t\t\t<div class=\"elementor-container elementor-column-gap-default\">\n\t\t\t\t\t<div class=\"elementor-column elementor-col-50 elementor-top-column elementor-element elementor-element-d0a5682\" data-id=\"d0a5682\" data-element_type=\"column\" data-e-type=\"column\">\n\t\t\t<div class=\"elementor-widget-wrap elementor-element-populated\">\n\t\t\t\t\t\t<div class=\"elementor-element elementor-element-14203f4 elementor-widget elementor-widget-heading\" data-id=\"14203f4\" data-element_type=\"widget\" data-e-type=\"widget\" data-widget_type=\"heading.default\">\n\t\t\t\t<div class=\"elementor-widget-container\">\n\t\t\t\t\t<h2 class=\"elementor-heading-title elementor-size-default\">TED-ED\n\n<\/h2>\t\t\t\t<\/div>\n\t\t\t\t<\/div>\n\t\t\t\t<div class=\"elementor-element elementor-element-74cb650 elementor-widget elementor-widget-text-editor\" data-id=\"74cb650\" data-element_type=\"widget\" data-e-type=\"widget\" data-widget_type=\"text-editor.default\">\n\t\t\t\t<div class=\"elementor-widget-container\">\n\t\t\t\t\t\t\t\t\t<p>The life cycle of a T-shirt<\/p>\t\t\t\t\t\t\t\t<\/div>\n\t\t\t\t<\/div>\n\t\t\t\t<div class=\"elementor-element elementor-element-b0a2c94 elementor-widget elementor-widget-video\" data-id=\"b0a2c94\" data-element_type=\"widget\" data-e-type=\"widget\" data-settings=\"{&quot;youtube_url&quot;:&quot;https:\\\/\\\/www.youtube.com\\\/watch?v=BiSYoeqb_VY &quot;,&quot;show_image_overlay&quot;:&quot;yes&quot;,&quot;image_overlay&quot;:{&quot;url&quot;:&quot;https:\\\/\\\/atelierdalice.com\\\/wp-content\\\/uploads\\\/2021\\\/03\\\/TED-EDThe-life-cycle-of-a-T-shirt-.jpg&quot;,&quot;id&quot;:261,&quot;size&quot;:&quot;&quot;},&quot;video_type&quot;:&quot;youtube&quot;,&quot;controls&quot;:&quot;yes&quot;}\" data-widget_type=\"video.default\">\n\t\t\t\t<div class=\"elementor-widget-container\">\n\t\t\t\t\t\t\t<div class=\"elementor-wrapper elementor-open-inline\">\n\t\t\t<div class=\"elementor-video\"><\/div>\t\t\t\t<div class=\"elementor-custom-embed-image-overlay\" style=\"background-image: url(https:\/\/atelierdalice.com\/wp-content\/uploads\/2021\/03\/TED-EDThe-life-cycle-of-a-T-shirt-.jpg);\">\n\t\t\t\t\t\t\t\t\t\t\t\t\t\t\t\t<div class=\"elementor-custom-embed-play\" role=\"button\" aria-label=\"Video abspielen\" tabindex=\"0\">\n\t\t\t\t\t\t\t<i aria-hidden=\"true\" class=\"eicon-play\"><\/i>\t\t\t\t\t\t<\/div>\n\t\t\t\t\t\t\t\t\t<\/div>\n\t\t\t\t\t<\/div>\n\t\t\t\t\t\t<\/div>\n\t\t\t\t<\/div>\n\t\t\t\t\t<\/div>\n\t\t<\/div>\n\t\t\t\t<div class=\"elementor-column elementor-col-50 elementor-top-column elementor-element elementor-element-da176f9\" data-id=\"da176f9\" data-element_type=\"column\" data-e-type=\"column\">\n\t\t\t<div class=\"elementor-widget-wrap elementor-element-populated\">\n\t\t\t\t\t\t<div class=\"elementor-element elementor-element-f8496bd elementor-widget elementor-widget-heading\" data-id=\"f8496bd\" data-element_type=\"widget\" data-e-type=\"widget\" data-widget_type=\"heading.default\">\n\t\t\t\t<div class=\"elementor-widget-container\">\n\t\t\t\t\t<h2 class=\"elementor-heading-title elementor-size-default\">Textile Mountains \n<\/h2>\t\t\t\t<\/div>\n\t\t\t\t<\/div>\n\t\t\t\t<div class=\"elementor-element elementor-element-424ec1c elementor-widget elementor-widget-text-editor\" data-id=\"424ec1c\" data-element_type=\"widget\" data-e-type=\"widget\" data-widget_type=\"text-editor.default\">\n\t\t\t\t<div class=\"elementor-widget-container\">\n\t\t\t\t\t\t\t\t\t<p>The Hidden Burden of our Fashion Waste<\/p>\t\t\t\t\t\t\t\t<\/div>\n\t\t\t\t<\/div>\n\t\t\t\t<div class=\"elementor-element elementor-element-2a3775c elementor-widget elementor-widget-video\" data-id=\"2a3775c\" data-element_type=\"widget\" data-e-type=\"widget\" data-settings=\"{&quot;youtube_url&quot;:&quot;https:\\\/\\\/www.youtube.com\\\/watch?v=UC4oFmX8tHw &quot;,&quot;show_image_overlay&quot;:&quot;yes&quot;,&quot;image_overlay&quot;:{&quot;url&quot;:&quot;https:\\\/\\\/atelierdalice.com\\\/wp-content\\\/uploads\\\/2021\\\/03\\\/Textielmountains.jpg&quot;,&quot;id&quot;:268,&quot;size&quot;:&quot;&quot;},&quot;video_type&quot;:&quot;youtube&quot;,&quot;controls&quot;:&quot;yes&quot;}\" data-widget_type=\"video.default\">\n\t\t\t\t<div class=\"elementor-widget-container\">\n\t\t\t\t\t\t\t<div class=\"elementor-wrapper elementor-open-inline\">\n\t\t\t<div class=\"elementor-video\"><\/div>\t\t\t\t<div class=\"elementor-custom-embed-image-overlay\" style=\"background-image: url(https:\/\/atelierdalice.com\/wp-content\/uploads\/2021\/03\/Textielmountains.jpg);\">\n\t\t\t\t\t\t\t\t\t\t\t\t\t\t\t\t<div class=\"elementor-custom-embed-play\" role=\"button\" aria-label=\"Video abspielen\" tabindex=\"0\">\n\t\t\t\t\t\t\t<i aria-hidden=\"true\" class=\"eicon-play\"><\/i>\t\t\t\t\t\t<\/div>\n\t\t\t\t\t\t\t\t\t<\/div>\n\t\t\t\t\t<\/div>\n\t\t\t\t\t\t<\/div>\n\t\t\t\t<\/div>\n\t\t\t\t\t<\/div>\n\t\t<\/div>\n\t\t\t\t\t<\/div>\n\t\t<\/section>\n\t\t\t\t<\/div>","protected":false},"excerpt":{"rendered":"<p>Our promise Our consumerism in the fast fashion age is getting bigger and the mostly cheap products we consume are unfortunately valued less and less. On average, a piece of clothing only has a lifespan of about one to three years. 90% of the textiles bought in Germany come from import countries like China, India&hellip;<\/p>","protected":false},"author":1,"featured_media":0,"parent":245,"menu_order":0,"comment_status":"closed","ping_status":"closed","template":"","meta":{"footnotes":""},"class_list":["post-256","page","type-page","status-publish","hentry"],"yoast_head":"<!-- This site is optimized with the Yoast SEO plugin v27.3 - https:\/\/yoast.com\/product\/yoast-seo-wordpress\/ -->\n<title>Our Promise - Atelier dAlice<\/title>\n<meta name=\"robots\" content=\"index, follow, max-snippet:-1, max-image-preview:large, max-video-preview:-1\" \/>\n<link rel=\"canonical\" href=\"https:\/\/atelierdalice.com\/de\/about\/our-promise\" \/>\n<meta property=\"og:locale\" content=\"de_DE\" \/>\n<meta property=\"og:type\" content=\"article\" \/>\n<meta property=\"og:title\" content=\"Our Promise - Atelier dAlice\" \/>\n<meta property=\"og:description\" content=\"Our promise Our consumerism in the fast fashion age is getting bigger and the mostly cheap products we consume are unfortunately valued less and less. On average, a piece of clothing only has a lifespan of about one to three years. 90% of the textiles bought in Germany come from import countries like China, India&hellip;\" \/>\n<meta property=\"og:url\" content=\"https:\/\/atelierdalice.com\/de\/about\/our-promise\" \/>\n<meta property=\"og:site_name\" content=\"Atelier dAlice\" \/>\n<meta property=\"article:modified_time\" content=\"2021-05-07T11:50:42+00:00\" \/>\n<meta property=\"og:image\" content=\"https:\/\/atelierdalice.com\/wp-content\/uploads\/2021\/03\/Alicia3web.jpg\" \/>\n<meta name=\"twitter:card\" content=\"summary_large_image\" \/>\n<meta name=\"twitter:label1\" content=\"Gesch\u00e4tzte Lesezeit\" \/>\n\t<meta name=\"twitter:data1\" content=\"2\u00a0Minuten\" \/>\n<script type=\"application\/ld+json\" class=\"yoast-schema-graph\">{\"@context\":\"https:\\\/\\\/schema.org\",\"@graph\":[{\"@type\":\"WebPage\",\"@id\":\"https:\\\/\\\/atelierdalice.com\\\/de\\\/about\\\/our-promise\",\"url\":\"https:\\\/\\\/atelierdalice.com\\\/de\\\/about\\\/our-promise\",\"name\":\"Our Promise - Atelier dAlice\",\"isPartOf\":{\"@id\":\"https:\\\/\\\/atelierdalice.com\\\/de\\\/#website\"},\"primaryImageOfPage\":{\"@id\":\"https:\\\/\\\/atelierdalice.com\\\/de\\\/about\\\/our-promise#primaryimage\"},\"image\":{\"@id\":\"https:\\\/\\\/atelierdalice.com\\\/de\\\/about\\\/our-promise#primaryimage\"},\"thumbnailUrl\":\"https:\\\/\\\/atelierdalice.com\\\/wp-content\\\/uploads\\\/2021\\\/03\\\/Alicia3web.jpg\",\"datePublished\":\"2021-03-23T15:33:39+00:00\",\"dateModified\":\"2021-05-07T11:50:42+00:00\",\"breadcrumb\":{\"@id\":\"https:\\\/\\\/atelierdalice.com\\\/de\\\/about\\\/our-promise#breadcrumb\"},\"inLanguage\":\"de\",\"potentialAction\":[{\"@type\":\"ReadAction\",\"target\":[\"https:\\\/\\\/atelierdalice.com\\\/de\\\/about\\\/our-promise\"]}]},{\"@type\":\"ImageObject\",\"inLanguage\":\"de\",\"@id\":\"https:\\\/\\\/atelierdalice.com\\\/de\\\/about\\\/our-promise#primaryimage\",\"url\":\"https:\\\/\\\/atelierdalice.com\\\/wp-content\\\/uploads\\\/2021\\\/03\\\/Alicia3web.jpg\",\"contentUrl\":\"https:\\\/\\\/atelierdalice.com\\\/wp-content\\\/uploads\\\/2021\\\/03\\\/Alicia3web.jpg\"},{\"@type\":\"BreadcrumbList\",\"@id\":\"https:\\\/\\\/atelierdalice.com\\\/de\\\/about\\\/our-promise#breadcrumb\",\"itemListElement\":[{\"@type\":\"ListItem\",\"position\":1,\"name\":\"Startseite\",\"item\":\"https:\\\/\\\/atelierdalice.com\\\/\"},{\"@type\":\"ListItem\",\"position\":2,\"name\":\"About\",\"item\":\"https:\\\/\\\/atelierdalice.com\\\/de\\\/about\"},{\"@type\":\"ListItem\",\"position\":3,\"name\":\"Our Promise\"}]},{\"@type\":\"WebSite\",\"@id\":\"https:\\\/\\\/atelierdalice.com\\\/de\\\/#website\",\"url\":\"https:\\\/\\\/atelierdalice.com\\\/de\\\/\",\"name\":\"Atelier dAlice\",\"description\":\"Kleidung nachhaltig f\u00e4rben\",\"publisher\":{\"@id\":\"https:\\\/\\\/atelierdalice.com\\\/de\\\/#organization\"},\"potentialAction\":[{\"@type\":\"SearchAction\",\"target\":{\"@type\":\"EntryPoint\",\"urlTemplate\":\"https:\\\/\\\/atelierdalice.com\\\/de\\\/?s={search_term_string}\"},\"query-input\":{\"@type\":\"PropertyValueSpecification\",\"valueRequired\":true,\"valueName\":\"search_term_string\"}}],\"inLanguage\":\"de\"},{\"@type\":\"Organization\",\"@id\":\"https:\\\/\\\/atelierdalice.com\\\/de\\\/#organization\",\"name\":\"Atelier dAlice\",\"url\":\"https:\\\/\\\/atelierdalice.com\\\/de\\\/\",\"logo\":{\"@type\":\"ImageObject\",\"inLanguage\":\"de\",\"@id\":\"https:\\\/\\\/atelierdalice.com\\\/de\\\/#\\\/schema\\\/logo\\\/image\\\/\",\"url\":\"https:\\\/\\\/atelierdalice.com\\\/wp-content\\\/uploads\\\/2021\\\/03\\\/Atelier-dalice-Logo-web-1.jpg\",\"contentUrl\":\"https:\\\/\\\/atelierdalice.com\\\/wp-content\\\/uploads\\\/2021\\\/03\\\/Atelier-dalice-Logo-web-1.jpg\",\"width\":426,\"height\":166,\"caption\":\"Atelier dAlice\"},\"image\":{\"@id\":\"https:\\\/\\\/atelierdalice.com\\\/de\\\/#\\\/schema\\\/logo\\\/image\\\/\"}}]}<\/script>\n<!-- \/ Yoast SEO plugin. -->","yoast_head_json":{"title":"Our Promise - Atelier dAlice","robots":{"index":"index","follow":"follow","max-snippet":"max-snippet:-1","max-image-preview":"max-image-preview:large","max-video-preview":"max-video-preview:-1"},"canonical":"https:\/\/atelierdalice.com\/de\/about\/our-promise","og_locale":"de_DE","og_type":"article","og_title":"Our Promise - Atelier dAlice","og_description":"Our promise Our consumerism in the fast fashion age is getting bigger and the mostly cheap products we consume are unfortunately valued less and less. On average, a piece of clothing only has a lifespan of about one to three years. 90% of the textiles bought in Germany come from import countries like China, India&hellip;","og_url":"https:\/\/atelierdalice.com\/de\/about\/our-promise","og_site_name":"Atelier dAlice","article_modified_time":"2021-05-07T11:50:42+00:00","og_image":[{"url":"https:\/\/atelierdalice.com\/wp-content\/uploads\/2021\/03\/Alicia3web.jpg","type":"","width":"","height":""}],"twitter_card":"summary_large_image","twitter_misc":{"Gesch\u00e4tzte Lesezeit":"2\u00a0Minuten"},"schema":{"@context":"https:\/\/schema.org","@graph":[{"@type":"WebPage","@id":"https:\/\/atelierdalice.com\/de\/about\/our-promise","url":"https:\/\/atelierdalice.com\/de\/about\/our-promise","name":"Our Promise - Atelier dAlice","isPartOf":{"@id":"https:\/\/atelierdalice.com\/de\/#website"},"primaryImageOfPage":{"@id":"https:\/\/atelierdalice.com\/de\/about\/our-promise#primaryimage"},"image":{"@id":"https:\/\/atelierdalice.com\/de\/about\/our-promise#primaryimage"},"thumbnailUrl":"https:\/\/atelierdalice.com\/wp-content\/uploads\/2021\/03\/Alicia3web.jpg","datePublished":"2021-03-23T15:33:39+00:00","dateModified":"2021-05-07T11:50:42+00:00","breadcrumb":{"@id":"https:\/\/atelierdalice.com\/de\/about\/our-promise#breadcrumb"},"inLanguage":"de","potentialAction":[{"@type":"ReadAction","target":["https:\/\/atelierdalice.com\/de\/about\/our-promise"]}]},{"@type":"ImageObject","inLanguage":"de","@id":"https:\/\/atelierdalice.com\/de\/about\/our-promise#primaryimage","url":"https:\/\/atelierdalice.com\/wp-content\/uploads\/2021\/03\/Alicia3web.jpg","contentUrl":"https:\/\/atelierdalice.com\/wp-content\/uploads\/2021\/03\/Alicia3web.jpg"},{"@type":"BreadcrumbList","@id":"https:\/\/atelierdalice.com\/de\/about\/our-promise#breadcrumb","itemListElement":[{"@type":"ListItem","position":1,"name":"Startseite","item":"https:\/\/atelierdalice.com\/"},{"@type":"ListItem","position":2,"name":"About","item":"https:\/\/atelierdalice.com\/de\/about"},{"@type":"ListItem","position":3,"name":"Our Promise"}]},{"@type":"WebSite","@id":"https:\/\/atelierdalice.com\/de\/#website","url":"https:\/\/atelierdalice.com\/de\/","name":"Atelier dAlice","description":"Kleidung nachhaltig f\u00e4rben","publisher":{"@id":"https:\/\/atelierdalice.com\/de\/#organization"},"potentialAction":[{"@type":"SearchAction","target":{"@type":"EntryPoint","urlTemplate":"https:\/\/atelierdalice.com\/de\/?s={search_term_string}"},"query-input":{"@type":"PropertyValueSpecification","valueRequired":true,"valueName":"search_term_string"}}],"inLanguage":"de"},{"@type":"Organization","@id":"https:\/\/atelierdalice.com\/de\/#organization","name":"Atelier dAlice","url":"https:\/\/atelierdalice.com\/de\/","logo":{"@type":"ImageObject","inLanguage":"de","@id":"https:\/\/atelierdalice.com\/de\/#\/schema\/logo\/image\/","url":"https:\/\/atelierdalice.com\/wp-content\/uploads\/2021\/03\/Atelier-dalice-Logo-web-1.jpg","contentUrl":"https:\/\/atelierdalice.com\/wp-content\/uploads\/2021\/03\/Atelier-dalice-Logo-web-1.jpg","width":426,"height":166,"caption":"Atelier dAlice"},"image":{"@id":"https:\/\/atelierdalice.com\/de\/#\/schema\/logo\/image\/"}}]}},"_links":{"self":[{"href":"https:\/\/atelierdalice.com\/de\/wp-json\/wp\/v2\/pages\/256","targetHints":{"allow":["GET"]}}],"collection":[{"href":"https:\/\/atelierdalice.com\/de\/wp-json\/wp\/v2\/pages"}],"about":[{"href":"https:\/\/atelierdalice.com\/de\/wp-json\/wp\/v2\/types\/page"}],"author":[{"embeddable":true,"href":"https:\/\/atelierdalice.com\/de\/wp-json\/wp\/v2\/users\/1"}],"replies":[{"embeddable":true,"href":"https:\/\/atelierdalice.com\/de\/wp-json\/wp\/v2\/comments?post=256"}],"version-history":[{"count":73,"href":"https:\/\/atelierdalice.com\/de\/wp-json\/wp\/v2\/pages\/256\/revisions"}],"predecessor-version":[{"id":862,"href":"https:\/\/atelierdalice.com\/de\/wp-json\/wp\/v2\/pages\/256\/revisions\/862"}],"up":[{"embeddable":true,"href":"https:\/\/atelierdalice.com\/de\/wp-json\/wp\/v2\/pages\/245"}],"wp:attachment":[{"href":"https:\/\/atelierdalice.com\/de\/wp-json\/wp\/v2\/media?parent=256"}],"curies":[{"name":"wp","href":"https:\/\/api.w.org\/{rel}","templated":true}]}}