{"id":278,"date":"2021-03-23T15:47:31","date_gmt":"2021-03-23T15:47:31","guid":{"rendered":"https:\/\/atelierdalice.com\/?page_id=278"},"modified":"2021-05-07T11:36:17","modified_gmt":"2021-05-07T11:36:17","slug":"who","status":"publish","type":"page","link":"https:\/\/atelierdalice.com\/de\/who","title":{"rendered":"Who"},"content":{"rendered":"<div data-elementor-type=\"wp-page\" data-elementor-id=\"278\" class=\"elementor elementor-278\" data-elementor-post-type=\"page\">\n\t\t\t\t\t\t<section class=\"elementor-section elementor-top-section elementor-element elementor-element-fca48aa elementor-section-boxed elementor-section-height-default elementor-section-height-default\" data-id=\"fca48aa\" data-element_type=\"section\" data-e-type=\"section\">\n\t\t\t\t\t\t<div class=\"elementor-container elementor-column-gap-default\">\n\t\t\t\t\t<div class=\"elementor-column elementor-col-66 elementor-top-column elementor-element elementor-element-2c87448\" data-id=\"2c87448\" data-element_type=\"column\" data-e-type=\"column\">\n\t\t\t<div class=\"elementor-widget-wrap elementor-element-populated\">\n\t\t\t\t\t\t<div class=\"elementor-element elementor-element-467c6073 elementor-widget elementor-widget-heading\" data-id=\"467c6073\" data-element_type=\"widget\" data-e-type=\"widget\" data-widget_type=\"heading.default\">\n\t\t\t\t<div class=\"elementor-widget-container\">\n\t\t\t\t\t<h1 class=\"elementor-heading-title elementor-size-default\">Who<\/h1>\t\t\t\t<\/div>\n\t\t\t\t<\/div>\n\t\t\t\t<section class=\"elementor-section elementor-inner-section elementor-element elementor-element-a413848 elementor-section-boxed elementor-section-height-default elementor-section-height-default\" data-id=\"a413848\" data-element_type=\"section\" data-e-type=\"section\">\n\t\t\t\t\t\t<div class=\"elementor-container elementor-column-gap-default\">\n\t\t\t\t\t<div class=\"elementor-column elementor-col-100 elementor-inner-column elementor-element elementor-element-91d74c4\" data-id=\"91d74c4\" data-element_type=\"column\" data-e-type=\"column\">\n\t\t\t<div class=\"elementor-widget-wrap elementor-element-populated\">\n\t\t\t\t\t\t<div class=\"elementor-element elementor-element-34ca468d elementor-widget elementor-widget-text-editor\" data-id=\"34ca468d\" data-element_type=\"widget\" data-e-type=\"widget\" data-widget_type=\"text-editor.default\">\n\t\t\t\t<div class=\"elementor-widget-container\">\n\t\t\t\t\t\t\t\t\t<blockquote><p><span style=\"color: #993300;\">\u201eIch erinnere mich an den Duft der Wacholderb\u00e4ume, die vor unserem Haus wachten, an die endlosen Wiesen voller Blumen sowie die Ger\u00e4usche der Tiere des Waldes, in dem mein Bruder und ich als Kinder spielten\u201c, <span style=\"color: #000000;\">so die K\u00fcnstlerin.<\/span> <br \/><\/span><\/p><\/blockquote><p>Alicia wuchs weit au\u00dferhalb der Gro\u00dfstadt in einer multikulturellen Familie in S\u00fcddeutschland auf.<\/p><p>Intensive Farben und wohltuende Ger\u00fcche pr\u00e4gten die Kindheit und spiegeln sich in den einzelnen St\u00fccken wieder:<\/p><p>Der Lavendelduft im Garten und die satten roten Rosen in der Einfahrt haben sich mit der folkloristischen Musik aus der K\u00fcche der slowenischen Gro\u00dfmutter verbunden. Die Farbenfreude und Lebenslust mischten sich aus den neapolitanischen Wurzeln des Gro\u00dfvaters in den Alltag der Gro\u00dffamilie.<\/p><p>Egal ob Goldschmied, Schreiner, S\u00e4nger oder Musiker \u2013 es gab von klein auf immer etwas mit Begeisterung nachzuahmen.<\/p><p>Mit dieser Neugierde auf verschiedene Kulturen und Freigeistigkeit lebt sie seit 2013 in Berlin, wo sie urbane Einfl\u00fcsse sammelt und diese durch non-toxische Metalle und dem eleganten, floralen Design in ihren Stoffen kombiniert.\u00a0<\/p>\t\t\t\t\t\t\t\t<\/div>\n\t\t\t\t<\/div>\n\t\t\t\t\t<\/div>\n\t\t<\/div>\n\t\t\t\t\t<\/div>\n\t\t<\/section>\n\t\t\t\t<section class=\"elementor-section elementor-inner-section elementor-element elementor-element-10aa989 elementor-section-boxed elementor-section-height-default elementor-section-height-default\" data-id=\"10aa989\" data-element_type=\"section\" data-e-type=\"section\">\n\t\t\t\t\t\t<div class=\"elementor-container elementor-column-gap-default\">\n\t\t\t\t\t<div class=\"elementor-column elementor-col-50 elementor-inner-column elementor-element elementor-element-2eb09833\" data-id=\"2eb09833\" data-element_type=\"column\" data-e-type=\"column\">\n\t\t\t<div class=\"elementor-widget-wrap\">\n\t\t\t\t\t\t\t<\/div>\n\t\t<\/div>\n\t\t\t\t<div class=\"elementor-column elementor-col-50 elementor-inner-column elementor-element elementor-element-87bc0f4\" data-id=\"87bc0f4\" data-element_type=\"column\" data-e-type=\"column\">\n\t\t\t<div class=\"elementor-widget-wrap elementor-element-populated\">\n\t\t\t\t\t\t<div class=\"elementor-element elementor-element-2071acb3 elementor-widget elementor-widget-text-editor\" data-id=\"2071acb3\" data-element_type=\"widget\" data-e-type=\"widget\" data-widget_type=\"text-editor.default\">\n\t\t\t\t<div class=\"elementor-widget-container\">\n\t\t\t\t\t\t\t\t\t<p>&#8211; Alicia Feig<\/p>\t\t\t\t\t\t\t\t<\/div>\n\t\t\t\t<\/div>\n\t\t\t\t\t<\/div>\n\t\t<\/div>\n\t\t\t\t\t<\/div>\n\t\t<\/section>\n\t\t\t\t\t<\/div>\n\t\t<\/div>\n\t\t\t\t<div class=\"elementor-column elementor-col-33 elementor-top-column elementor-element elementor-element-131215d0\" data-id=\"131215d0\" data-element_type=\"column\" data-e-type=\"column\">\n\t\t\t<div class=\"elementor-widget-wrap elementor-element-populated\">\n\t\t\t\t\t\t<div class=\"elementor-element elementor-element-625a907f elementor-widget elementor-widget-image\" data-id=\"625a907f\" data-element_type=\"widget\" data-e-type=\"widget\" data-widget_type=\"image.default\">\n\t\t\t\t<div class=\"elementor-widget-container\">\n\t\t\t\t\t\t\t\t\t\t\t\t\t\t\t<img fetchpriority=\"high\" decoding=\"async\" width=\"400\" height=\"600\" src=\"https:\/\/atelierdalice.com\/wp-content\/uploads\/2021\/03\/Alicia1web.jpg\" class=\"attachment-large size-large wp-image-127\" alt=\"\" srcset=\"https:\/\/atelierdalice.com\/wp-content\/uploads\/2021\/03\/Alicia1web.jpg 400w, https:\/\/atelierdalice.com\/wp-content\/uploads\/2021\/03\/Alicia1web-200x300.jpg 200w\" sizes=\"(max-width: 400px) 100vw, 400px\" \/>\t\t\t\t\t\t\t\t\t\t\t\t\t\t\t<\/div>\n\t\t\t\t<\/div>\n\t\t\t\t\t<\/div>\n\t\t<\/div>\n\t\t\t\t\t<\/div>\n\t\t<\/section>\n\t\t\t\t<\/div>","protected":false},"excerpt":{"rendered":"<p>Who &#8220;I remember the smell of the juniper trees that kept watch in front of our house, the endless meadows full of flowers, as well as the sounds of the animals in the forest where my brother and I played as children&#8221;, so the artsit. Alicia grew up far outside the city in a multicultural&hellip;<\/p>","protected":false},"author":1,"featured_media":0,"parent":0,"menu_order":2,"comment_status":"closed","ping_status":"closed","template":"","meta":{"footnotes":""},"class_list":["post-278","page","type-page","status-publish","hentry"],"yoast_head":"<!-- This site is optimized with the Yoast SEO plugin v27.3 - https:\/\/yoast.com\/product\/yoast-seo-wordpress\/ -->\n<title>Who - Atelier dAlice<\/title>\n<meta name=\"robots\" content=\"index, follow, max-snippet:-1, max-image-preview:large, max-video-preview:-1\" \/>\n<link rel=\"canonical\" href=\"https:\/\/atelierdalice.com\/de\/who\" \/>\n<meta property=\"og:locale\" content=\"de_DE\" \/>\n<meta property=\"og:type\" content=\"article\" \/>\n<meta property=\"og:title\" content=\"Who - Atelier dAlice\" \/>\n<meta property=\"og:description\" content=\"Who &#8220;I remember the smell of the juniper trees that kept watch in front of our house, the endless meadows full of flowers, as well as the sounds of the animals in the forest where my brother and I played as children&#8221;, so the artsit. Alicia grew up far outside the city in a multicultural&hellip;\" \/>\n<meta property=\"og:url\" content=\"https:\/\/atelierdalice.com\/de\/who\" \/>\n<meta property=\"og:site_name\" content=\"Atelier dAlice\" \/>\n<meta property=\"article:modified_time\" content=\"2021-05-07T11:36:17+00:00\" \/>\n<meta property=\"og:image\" content=\"https:\/\/atelierdalice.com\/wp-content\/uploads\/2021\/03\/Alicia1web.jpg\" \/>\n<meta name=\"twitter:card\" content=\"summary_large_image\" \/>\n<meta name=\"twitter:label1\" content=\"Gesch\u00e4tzte Lesezeit\" \/>\n\t<meta name=\"twitter:data1\" content=\"1\u00a0Minute\" \/>\n<script type=\"application\/ld+json\" class=\"yoast-schema-graph\">{\"@context\":\"https:\\\/\\\/schema.org\",\"@graph\":[{\"@type\":\"WebPage\",\"@id\":\"https:\\\/\\\/atelierdalice.com\\\/de\\\/who\",\"url\":\"https:\\\/\\\/atelierdalice.com\\\/de\\\/who\",\"name\":\"Who - Atelier dAlice\",\"isPartOf\":{\"@id\":\"https:\\\/\\\/atelierdalice.com\\\/de\\\/#website\"},\"primaryImageOfPage\":{\"@id\":\"https:\\\/\\\/atelierdalice.com\\\/de\\\/who#primaryimage\"},\"image\":{\"@id\":\"https:\\\/\\\/atelierdalice.com\\\/de\\\/who#primaryimage\"},\"thumbnailUrl\":\"https:\\\/\\\/atelierdalice.com\\\/wp-content\\\/uploads\\\/2021\\\/03\\\/Alicia1web.jpg\",\"datePublished\":\"2021-03-23T15:47:31+00:00\",\"dateModified\":\"2021-05-07T11:36:17+00:00\",\"breadcrumb\":{\"@id\":\"https:\\\/\\\/atelierdalice.com\\\/de\\\/who#breadcrumb\"},\"inLanguage\":\"de\",\"potentialAction\":[{\"@type\":\"ReadAction\",\"target\":[\"https:\\\/\\\/atelierdalice.com\\\/de\\\/who\"]}]},{\"@type\":\"ImageObject\",\"inLanguage\":\"de\",\"@id\":\"https:\\\/\\\/atelierdalice.com\\\/de\\\/who#primaryimage\",\"url\":\"https:\\\/\\\/atelierdalice.com\\\/wp-content\\\/uploads\\\/2021\\\/03\\\/Alicia1web.jpg\",\"contentUrl\":\"https:\\\/\\\/atelierdalice.com\\\/wp-content\\\/uploads\\\/2021\\\/03\\\/Alicia1web.jpg\"},{\"@type\":\"BreadcrumbList\",\"@id\":\"https:\\\/\\\/atelierdalice.com\\\/de\\\/who#breadcrumb\",\"itemListElement\":[{\"@type\":\"ListItem\",\"position\":1,\"name\":\"Startseite\",\"item\":\"https:\\\/\\\/atelierdalice.com\\\/\"},{\"@type\":\"ListItem\",\"position\":2,\"name\":\"Who\"}]},{\"@type\":\"WebSite\",\"@id\":\"https:\\\/\\\/atelierdalice.com\\\/de\\\/#website\",\"url\":\"https:\\\/\\\/atelierdalice.com\\\/de\\\/\",\"name\":\"Atelier dAlice\",\"description\":\"Kleidung nachhaltig f\u00e4rben\",\"publisher\":{\"@id\":\"https:\\\/\\\/atelierdalice.com\\\/de\\\/#organization\"},\"potentialAction\":[{\"@type\":\"SearchAction\",\"target\":{\"@type\":\"EntryPoint\",\"urlTemplate\":\"https:\\\/\\\/atelierdalice.com\\\/de\\\/?s={search_term_string}\"},\"query-input\":{\"@type\":\"PropertyValueSpecification\",\"valueRequired\":true,\"valueName\":\"search_term_string\"}}],\"inLanguage\":\"de\"},{\"@type\":\"Organization\",\"@id\":\"https:\\\/\\\/atelierdalice.com\\\/de\\\/#organization\",\"name\":\"Atelier dAlice\",\"url\":\"https:\\\/\\\/atelierdalice.com\\\/de\\\/\",\"logo\":{\"@type\":\"ImageObject\",\"inLanguage\":\"de\",\"@id\":\"https:\\\/\\\/atelierdalice.com\\\/de\\\/#\\\/schema\\\/logo\\\/image\\\/\",\"url\":\"https:\\\/\\\/atelierdalice.com\\\/wp-content\\\/uploads\\\/2021\\\/03\\\/Atelier-dalice-Logo-web-1.jpg\",\"contentUrl\":\"https:\\\/\\\/atelierdalice.com\\\/wp-content\\\/uploads\\\/2021\\\/03\\\/Atelier-dalice-Logo-web-1.jpg\",\"width\":426,\"height\":166,\"caption\":\"Atelier dAlice\"},\"image\":{\"@id\":\"https:\\\/\\\/atelierdalice.com\\\/de\\\/#\\\/schema\\\/logo\\\/image\\\/\"}}]}<\/script>\n<!-- \/ Yoast SEO plugin. -->","yoast_head_json":{"title":"Who - Atelier dAlice","robots":{"index":"index","follow":"follow","max-snippet":"max-snippet:-1","max-image-preview":"max-image-preview:large","max-video-preview":"max-video-preview:-1"},"canonical":"https:\/\/atelierdalice.com\/de\/who","og_locale":"de_DE","og_type":"article","og_title":"Who - Atelier dAlice","og_description":"Who &#8220;I remember the smell of the juniper trees that kept watch in front of our house, the endless meadows full of flowers, as well as the sounds of the animals in the forest where my brother and I played as children&#8221;, so the artsit. Alicia grew up far outside the city in a multicultural&hellip;","og_url":"https:\/\/atelierdalice.com\/de\/who","og_site_name":"Atelier dAlice","article_modified_time":"2021-05-07T11:36:17+00:00","og_image":[{"url":"https:\/\/atelierdalice.com\/wp-content\/uploads\/2021\/03\/Alicia1web.jpg","type":"","width":"","height":""}],"twitter_card":"summary_large_image","twitter_misc":{"Gesch\u00e4tzte Lesezeit":"1\u00a0Minute"},"schema":{"@context":"https:\/\/schema.org","@graph":[{"@type":"WebPage","@id":"https:\/\/atelierdalice.com\/de\/who","url":"https:\/\/atelierdalice.com\/de\/who","name":"Who - Atelier dAlice","isPartOf":{"@id":"https:\/\/atelierdalice.com\/de\/#website"},"primaryImageOfPage":{"@id":"https:\/\/atelierdalice.com\/de\/who#primaryimage"},"image":{"@id":"https:\/\/atelierdalice.com\/de\/who#primaryimage"},"thumbnailUrl":"https:\/\/atelierdalice.com\/wp-content\/uploads\/2021\/03\/Alicia1web.jpg","datePublished":"2021-03-23T15:47:31+00:00","dateModified":"2021-05-07T11:36:17+00:00","breadcrumb":{"@id":"https:\/\/atelierdalice.com\/de\/who#breadcrumb"},"inLanguage":"de","potentialAction":[{"@type":"ReadAction","target":["https:\/\/atelierdalice.com\/de\/who"]}]},{"@type":"ImageObject","inLanguage":"de","@id":"https:\/\/atelierdalice.com\/de\/who#primaryimage","url":"https:\/\/atelierdalice.com\/wp-content\/uploads\/2021\/03\/Alicia1web.jpg","contentUrl":"https:\/\/atelierdalice.com\/wp-content\/uploads\/2021\/03\/Alicia1web.jpg"},{"@type":"BreadcrumbList","@id":"https:\/\/atelierdalice.com\/de\/who#breadcrumb","itemListElement":[{"@type":"ListItem","position":1,"name":"Startseite","item":"https:\/\/atelierdalice.com\/"},{"@type":"ListItem","position":2,"name":"Who"}]},{"@type":"WebSite","@id":"https:\/\/atelierdalice.com\/de\/#website","url":"https:\/\/atelierdalice.com\/de\/","name":"Atelier dAlice","description":"Kleidung nachhaltig f\u00e4rben","publisher":{"@id":"https:\/\/atelierdalice.com\/de\/#organization"},"potentialAction":[{"@type":"SearchAction","target":{"@type":"EntryPoint","urlTemplate":"https:\/\/atelierdalice.com\/de\/?s={search_term_string}"},"query-input":{"@type":"PropertyValueSpecification","valueRequired":true,"valueName":"search_term_string"}}],"inLanguage":"de"},{"@type":"Organization","@id":"https:\/\/atelierdalice.com\/de\/#organization","name":"Atelier dAlice","url":"https:\/\/atelierdalice.com\/de\/","logo":{"@type":"ImageObject","inLanguage":"de","@id":"https:\/\/atelierdalice.com\/de\/#\/schema\/logo\/image\/","url":"https:\/\/atelierdalice.com\/wp-content\/uploads\/2021\/03\/Atelier-dalice-Logo-web-1.jpg","contentUrl":"https:\/\/atelierdalice.com\/wp-content\/uploads\/2021\/03\/Atelier-dalice-Logo-web-1.jpg","width":426,"height":166,"caption":"Atelier dAlice"},"image":{"@id":"https:\/\/atelierdalice.com\/de\/#\/schema\/logo\/image\/"}}]}},"_links":{"self":[{"href":"https:\/\/atelierdalice.com\/de\/wp-json\/wp\/v2\/pages\/278","targetHints":{"allow":["GET"]}}],"collection":[{"href":"https:\/\/atelierdalice.com\/de\/wp-json\/wp\/v2\/pages"}],"about":[{"href":"https:\/\/atelierdalice.com\/de\/wp-json\/wp\/v2\/types\/page"}],"author":[{"embeddable":true,"href":"https:\/\/atelierdalice.com\/de\/wp-json\/wp\/v2\/users\/1"}],"replies":[{"embeddable":true,"href":"https:\/\/atelierdalice.com\/de\/wp-json\/wp\/v2\/comments?post=278"}],"version-history":[{"count":41,"href":"https:\/\/atelierdalice.com\/de\/wp-json\/wp\/v2\/pages\/278\/revisions"}],"predecessor-version":[{"id":863,"href":"https:\/\/atelierdalice.com\/de\/wp-json\/wp\/v2\/pages\/278\/revisions\/863"}],"wp:attachment":[{"href":"https:\/\/atelierdalice.com\/de\/wp-json\/wp\/v2\/media?parent=278"}],"curies":[{"name":"wp","href":"https:\/\/api.w.org\/{rel}","templated":true}]}}