{"id":567,"date":"2021-05-04T07:41:49","date_gmt":"2021-05-04T07:41:49","guid":{"rendered":"https:\/\/atelierdalice.com\/impressum-2"},"modified":"2021-05-04T07:51:21","modified_gmt":"2021-05-04T07:51:21","slug":"info","status":"publish","type":"page","link":"https:\/\/atelierdalice.com\/de\/info","title":{"rendered":"Info"},"content":{"rendered":"<div data-elementor-type=\"wp-page\" data-elementor-id=\"567\" class=\"elementor elementor-567\" data-elementor-post-type=\"page\">\n\t\t\t\t\t\t<section class=\"elementor-section elementor-top-section elementor-element elementor-element-2b8675b elementor-section-boxed elementor-section-height-default elementor-section-height-default\" data-id=\"2b8675b\" data-element_type=\"section\" data-e-type=\"section\">\n\t\t\t\t\t\t<div class=\"elementor-container elementor-column-gap-default\">\n\t\t\t\t\t<div class=\"elementor-column elementor-col-100 elementor-top-column elementor-element elementor-element-65ef47c\" data-id=\"65ef47c\" data-element_type=\"column\" data-e-type=\"column\">\n\t\t\t<div class=\"elementor-widget-wrap elementor-element-populated\">\n\t\t\t\t\t\t<div class=\"elementor-element elementor-element-fe9f6b0 elementor-widget elementor-widget-heading\" data-id=\"fe9f6b0\" data-element_type=\"widget\" data-e-type=\"widget\" data-widget_type=\"heading.default\">\n\t\t\t\t<div class=\"elementor-widget-container\">\n\t\t\t\t\t<h1 class=\"elementor-heading-title elementor-size-default\">INFO<\/h1>\t\t\t\t<\/div>\n\t\t\t\t<\/div>\n\t\t\t\t<div class=\"elementor-element elementor-element-5075d07 elementor-widget elementor-widget-spacer\" data-id=\"5075d07\" data-element_type=\"widget\" data-e-type=\"widget\" data-widget_type=\"spacer.default\">\n\t\t\t\t<div class=\"elementor-widget-container\">\n\t\t\t\t\t\t\t<div class=\"elementor-spacer\">\n\t\t\t<div class=\"elementor-spacer-inner\"><\/div>\n\t\t<\/div>\n\t\t\t\t\t\t<\/div>\n\t\t\t\t<\/div>\n\t\t\t\t\t<\/div>\n\t\t<\/div>\n\t\t\t\t\t<\/div>\n\t\t<\/section>\n\t\t\t\t<section class=\"elementor-section elementor-top-section elementor-element elementor-element-da6b4a2 elementor-section-boxed elementor-section-height-default elementor-section-height-default\" data-id=\"da6b4a2\" data-element_type=\"section\" data-e-type=\"section\">\n\t\t\t\t\t\t<div class=\"elementor-container elementor-column-gap-default\">\n\t\t\t\t\t<div class=\"elementor-column elementor-col-100 elementor-top-column elementor-element elementor-element-4e388d8\" data-id=\"4e388d8\" data-element_type=\"column\" data-e-type=\"column\">\n\t\t\t<div class=\"elementor-widget-wrap elementor-element-populated\">\n\t\t\t\t\t\t<div class=\"elementor-element elementor-element-5b9c807 elementor-widget elementor-widget-html\" data-id=\"5b9c807\" data-element_type=\"widget\" data-e-type=\"widget\" data-widget_type=\"html.default\">\n\t\t\t\t<div class=\"elementor-widget-container\">\n\t\t\t\t\t<a id=\"About natural colors\"><\/a>\t\t\t\t<\/div>\n\t\t\t\t<\/div>\n\t\t\t\t<div class=\"elementor-element elementor-element-eb29979 elementor-widget elementor-widget-heading\" data-id=\"eb29979\" data-element_type=\"widget\" data-e-type=\"widget\" data-widget_type=\"heading.default\">\n\t\t\t\t<div class=\"elementor-widget-container\">\n\t\t\t\t\t<h1 class=\"elementor-heading-title elementor-size-default\">\u00dcber nat\u00fcrliche Farben<\/h1>\t\t\t\t<\/div>\n\t\t\t\t<\/div>\n\t\t\t\t<div class=\"elementor-element elementor-element-7ab28f4 elementor-widget elementor-widget-text-editor\" data-id=\"7ab28f4\" data-element_type=\"widget\" data-e-type=\"widget\" data-widget_type=\"text-editor.default\">\n\t\t\t\t<div class=\"elementor-widget-container\">\n\t\t\t\t\t\t\t\t\t<p>Blumen und Lebensmittelresten einen Farbton zu entlocken, hat etwas magisches an sich und verbindet einen dabei mit der Natur. Nicht nur der Prozess, sondern auch die au\u00dfergew\u00f6hnlichen Farben selbst. Unvollkommenheit und Variationen machen die gef\u00e4rbten St\u00fccke zu etwas Besonderem.<\/p>\t\t\t\t\t\t\t\t<\/div>\n\t\t\t\t<\/div>\n\t\t\t\t\t<\/div>\n\t\t<\/div>\n\t\t\t\t\t<\/div>\n\t\t<\/section>\n\t\t\t\t<section class=\"elementor-section elementor-top-section elementor-element elementor-element-e8cfe8f elementor-section-boxed elementor-section-height-default elementor-section-height-default\" data-id=\"e8cfe8f\" data-element_type=\"section\" data-e-type=\"section\">\n\t\t\t\t\t\t<div class=\"elementor-container elementor-column-gap-default\">\n\t\t\t\t\t<div class=\"elementor-column elementor-col-100 elementor-top-column elementor-element elementor-element-6f12f3f\" data-id=\"6f12f3f\" data-element_type=\"column\" data-e-type=\"column\">\n\t\t\t<div class=\"elementor-widget-wrap elementor-element-populated\">\n\t\t\t\t\t\t<div class=\"elementor-element elementor-element-00f7d9b elementor-widget elementor-widget-html\" data-id=\"00f7d9b\" data-element_type=\"widget\" data-e-type=\"widget\" data-widget_type=\"html.default\">\n\t\t\t\t<div class=\"elementor-widget-container\">\n\t\t\t\t\t<a id=\"Do the colors last\"><\/a>\t\t\t\t<\/div>\n\t\t\t\t<\/div>\n\t\t\t\t<div class=\"elementor-element elementor-element-9965225 elementor-widget elementor-widget-heading\" data-id=\"9965225\" data-element_type=\"widget\" data-e-type=\"widget\" data-widget_type=\"heading.default\">\n\t\t\t\t<div class=\"elementor-widget-container\">\n\t\t\t\t\t<h1 class=\"elementor-heading-title elementor-size-default\">Sind die Farben von Dauer?<\/h1>\t\t\t\t<\/div>\n\t\t\t\t<\/div>\n\t\t\t\t<div class=\"elementor-element elementor-element-7e99d63 elementor-widget elementor-widget-text-editor\" data-id=\"7e99d63\" data-element_type=\"widget\" data-e-type=\"widget\" data-widget_type=\"text-editor.default\">\n\t\t\t\t<div class=\"elementor-widget-container\">\n\t\t\t\t\t\t\t\t\t<p>Nat\u00fcrliche lebendige Farben sind nicht wie chemische Farben \u2013 sie werden \u00fcber die Jahre (durch das Waschen oder durch Sonneneinwirkung) verblassen und sich ver\u00e4ndern.<\/p><p>Alle Atelier d\u2019Alice Produkte werden jedoch vor dem F\u00e4rben so behandelt, dass die magischen Farbt\u00f6ne eine m\u00f6glichst lange Lebensdauer haben. Mit der richtigen Pflege tr\u00e4gst Du einen gro\u00dfen Teil dazu bei.<\/p>\t\t\t\t\t\t\t\t<\/div>\n\t\t\t\t<\/div>\n\t\t\t\t\t<\/div>\n\t\t<\/div>\n\t\t\t\t\t<\/div>\n\t\t<\/section>\n\t\t\t\t<section class=\"elementor-section elementor-top-section elementor-element elementor-element-425c720 elementor-section-boxed elementor-section-height-default elementor-section-height-default\" data-id=\"425c720\" data-element_type=\"section\" data-e-type=\"section\">\n\t\t\t\t\t\t<div class=\"elementor-container elementor-column-gap-default\">\n\t\t\t\t\t<div class=\"elementor-column elementor-col-100 elementor-top-column elementor-element elementor-element-9258f0f\" data-id=\"9258f0f\" data-element_type=\"column\" data-e-type=\"column\">\n\t\t\t<div class=\"elementor-widget-wrap elementor-element-populated\">\n\t\t\t\t\t\t<div class=\"elementor-element elementor-element-2860c8b elementor-widget elementor-widget-html\" data-id=\"2860c8b\" data-element_type=\"widget\" data-e-type=\"widget\" data-widget_type=\"html.default\">\n\t\t\t\t<div class=\"elementor-widget-container\">\n\t\t\t\t\t<a id=\"How do I care for my items\"><\/a>\t\t\t\t<\/div>\n\t\t\t\t<\/div>\n\t\t\t\t<div class=\"elementor-element elementor-element-0c9c7a6 elementor-widget elementor-widget-heading\" data-id=\"0c9c7a6\" data-element_type=\"widget\" data-e-type=\"widget\" data-widget_type=\"heading.default\">\n\t\t\t\t<div class=\"elementor-widget-container\">\n\t\t\t\t\t<h1 class=\"elementor-heading-title elementor-size-default\">Wie pflege ich meine Artikel?<\/h1>\t\t\t\t<\/div>\n\t\t\t\t<\/div>\n\t\t\t\t<div class=\"elementor-element elementor-element-c6626bd elementor-widget elementor-widget-text-editor\" data-id=\"c6626bd\" data-element_type=\"widget\" data-e-type=\"widget\" data-widget_type=\"text-editor.default\">\n\t\t\t\t<div class=\"elementor-widget-container\">\n\t\t\t\t\t\t\t\t\t<p>Sch\u00fctze Dein Unikat, indem Du es vor direktem Sonnenlicht sch\u00fctzt. Sonnenlicht bleicht nat\u00fcrliche Farbt\u00f6ne schneller aus, als chemische.<\/p><p>Die meisten Drogerie Waschmittel enthalten Chemikalien, die nat\u00fcrliche Farbstoffe \u00e4tzend entfernen und haben einen hohen pH-Wert. Dies ver\u00e4ndert oder bleicht unsere Produkte.<\/p><p>Verwende daher ein sanftes, pH neutrales Waschmittel wie Oliven\u00f6lseife, Woolite oder Seidenwaschmittel (hier im Webshop erh\u00e4ltlich).<\/p><p>Vor allem Seidenartikel sollten wie gew\u00f6hnlich mit Hand &amp; in kaltem Wasser gewaschen werden. B\u00fcgeln nur auf leicht niedriger Stufe.<\/p>\t\t\t\t\t\t\t\t<\/div>\n\t\t\t\t<\/div>\n\t\t\t\t\t<\/div>\n\t\t<\/div>\n\t\t\t\t\t<\/div>\n\t\t<\/section>\n\t\t\t\t<section class=\"elementor-section elementor-top-section elementor-element elementor-element-1400950 elementor-section-boxed elementor-section-height-default elementor-section-height-default\" data-id=\"1400950\" data-element_type=\"section\" data-e-type=\"section\">\n\t\t\t\t\t\t<div class=\"elementor-container elementor-column-gap-default\">\n\t\t\t\t\t<div class=\"elementor-column elementor-col-100 elementor-top-column elementor-element elementor-element-0edb1a8\" data-id=\"0edb1a8\" data-element_type=\"column\" data-e-type=\"column\">\n\t\t\t<div class=\"elementor-widget-wrap elementor-element-populated\">\n\t\t\t\t\t\t<div class=\"elementor-element elementor-element-793b80a elementor-widget elementor-widget-html\" data-id=\"793b80a\" data-element_type=\"widget\" data-e-type=\"widget\" data-widget_type=\"html.default\">\n\t\t\t\t<div class=\"elementor-widget-container\">\n\t\t\t\t\t<a id=\"How does the dye get into the fiber\"><\/a>\t\t\t\t<\/div>\n\t\t\t\t<\/div>\n\t\t\t\t<div class=\"elementor-element elementor-element-2e92e72 elementor-widget elementor-widget-heading\" data-id=\"2e92e72\" data-element_type=\"widget\" data-e-type=\"widget\" data-widget_type=\"heading.default\">\n\t\t\t\t<div class=\"elementor-widget-container\">\n\t\t\t\t\t<h1 class=\"elementor-heading-title elementor-size-default\">Wie gelangt der Farbstoff in die Faser? <\/h1>\t\t\t\t<\/div>\n\t\t\t\t<\/div>\n\t\t\t\t<div class=\"elementor-element elementor-element-ffe1ea7 elementor-widget elementor-widget-text-editor\" data-id=\"ffe1ea7\" data-element_type=\"widget\" data-e-type=\"widget\" data-widget_type=\"text-editor.default\">\n\t\t\t\t<div class=\"elementor-widget-container\">\n\t\t\t\t\t\t\t\t\t<p>Nehme gerne an einem unserer (online) Workshops teil, um mehr zu erfahren.<\/p>\t\t\t\t\t\t\t\t<\/div>\n\t\t\t\t<\/div>\n\t\t\t\t\t<\/div>\n\t\t<\/div>\n\t\t\t\t\t<\/div>\n\t\t<\/section>\n\t\t\t\t<\/div>","protected":false},"excerpt":{"rendered":"<p>INFO About natural colors There&#8217;s something magical about coaxing a hue out of something natural, like flowers and food scraps. It reconnects yourself back with nature. Not only the process, but also the extraordinary colors itself. Imperfections and variations make the pieces special. Do the colors last? Natural vibrant colors are not like chemical colors&hellip;<\/p>","protected":false},"author":1,"featured_media":0,"parent":0,"menu_order":4,"comment_status":"closed","ping_status":"closed","template":"template-microsite.php","meta":{"footnotes":""},"class_list":["post-567","page","type-page","status-publish","hentry"],"yoast_head":"<!-- This site is optimized with the Yoast SEO plugin v27.3 - https:\/\/yoast.com\/product\/yoast-seo-wordpress\/ -->\n<title>Info - Atelier dAlice<\/title>\n<meta name=\"robots\" content=\"index, follow, max-snippet:-1, max-image-preview:large, max-video-preview:-1\" \/>\n<link rel=\"canonical\" href=\"https:\/\/atelierdalice.com\/de\/info\" \/>\n<meta property=\"og:locale\" content=\"de_DE\" \/>\n<meta property=\"og:type\" content=\"article\" \/>\n<meta property=\"og:title\" content=\"Info - Atelier dAlice\" \/>\n<meta property=\"og:description\" content=\"INFO About natural colors There&#8217;s something magical about coaxing a hue out of something natural, like flowers and food scraps. It reconnects yourself back with nature. Not only the process, but also the extraordinary colors itself. Imperfections and variations make the pieces special. Do the colors last? Natural vibrant colors are not like chemical colors&hellip;\" \/>\n<meta property=\"og:url\" content=\"https:\/\/atelierdalice.com\/de\/info\" \/>\n<meta property=\"og:site_name\" content=\"Atelier dAlice\" \/>\n<meta property=\"article:modified_time\" content=\"2021-05-04T07:51:21+00:00\" \/>\n<meta name=\"twitter:card\" content=\"summary_large_image\" \/>\n<meta name=\"twitter:label1\" content=\"Gesch\u00e4tzte Lesezeit\" \/>\n\t<meta name=\"twitter:data1\" content=\"1\u00a0Minute\" \/>\n<script type=\"application\/ld+json\" class=\"yoast-schema-graph\">{\"@context\":\"https:\\\/\\\/schema.org\",\"@graph\":[{\"@type\":\"WebPage\",\"@id\":\"https:\\\/\\\/atelierdalice.com\\\/de\\\/info\",\"url\":\"https:\\\/\\\/atelierdalice.com\\\/de\\\/info\",\"name\":\"Info - Atelier dAlice\",\"isPartOf\":{\"@id\":\"https:\\\/\\\/atelierdalice.com\\\/de\\\/#website\"},\"datePublished\":\"2021-05-04T07:41:49+00:00\",\"dateModified\":\"2021-05-04T07:51:21+00:00\",\"breadcrumb\":{\"@id\":\"https:\\\/\\\/atelierdalice.com\\\/de\\\/info#breadcrumb\"},\"inLanguage\":\"de\",\"potentialAction\":[{\"@type\":\"ReadAction\",\"target\":[\"https:\\\/\\\/atelierdalice.com\\\/de\\\/info\"]}]},{\"@type\":\"BreadcrumbList\",\"@id\":\"https:\\\/\\\/atelierdalice.com\\\/de\\\/info#breadcrumb\",\"itemListElement\":[{\"@type\":\"ListItem\",\"position\":1,\"name\":\"Startseite\",\"item\":\"https:\\\/\\\/atelierdalice.com\\\/\"},{\"@type\":\"ListItem\",\"position\":2,\"name\":\"Info\"}]},{\"@type\":\"WebSite\",\"@id\":\"https:\\\/\\\/atelierdalice.com\\\/de\\\/#website\",\"url\":\"https:\\\/\\\/atelierdalice.com\\\/de\\\/\",\"name\":\"Atelier dAlice\",\"description\":\"Kleidung nachhaltig f\u00e4rben\",\"publisher\":{\"@id\":\"https:\\\/\\\/atelierdalice.com\\\/de\\\/#organization\"},\"potentialAction\":[{\"@type\":\"SearchAction\",\"target\":{\"@type\":\"EntryPoint\",\"urlTemplate\":\"https:\\\/\\\/atelierdalice.com\\\/de\\\/?s={search_term_string}\"},\"query-input\":{\"@type\":\"PropertyValueSpecification\",\"valueRequired\":true,\"valueName\":\"search_term_string\"}}],\"inLanguage\":\"de\"},{\"@type\":\"Organization\",\"@id\":\"https:\\\/\\\/atelierdalice.com\\\/de\\\/#organization\",\"name\":\"Atelier dAlice\",\"url\":\"https:\\\/\\\/atelierdalice.com\\\/de\\\/\",\"logo\":{\"@type\":\"ImageObject\",\"inLanguage\":\"de\",\"@id\":\"https:\\\/\\\/atelierdalice.com\\\/de\\\/#\\\/schema\\\/logo\\\/image\\\/\",\"url\":\"https:\\\/\\\/atelierdalice.com\\\/wp-content\\\/uploads\\\/2021\\\/03\\\/Atelier-dalice-Logo-web-1.jpg\",\"contentUrl\":\"https:\\\/\\\/atelierdalice.com\\\/wp-content\\\/uploads\\\/2021\\\/03\\\/Atelier-dalice-Logo-web-1.jpg\",\"width\":426,\"height\":166,\"caption\":\"Atelier dAlice\"},\"image\":{\"@id\":\"https:\\\/\\\/atelierdalice.com\\\/de\\\/#\\\/schema\\\/logo\\\/image\\\/\"}}]}<\/script>\n<!-- \/ Yoast SEO plugin. -->","yoast_head_json":{"title":"Info - Atelier dAlice","robots":{"index":"index","follow":"follow","max-snippet":"max-snippet:-1","max-image-preview":"max-image-preview:large","max-video-preview":"max-video-preview:-1"},"canonical":"https:\/\/atelierdalice.com\/de\/info","og_locale":"de_DE","og_type":"article","og_title":"Info - Atelier dAlice","og_description":"INFO About natural colors There&#8217;s something magical about coaxing a hue out of something natural, like flowers and food scraps. It reconnects yourself back with nature. Not only the process, but also the extraordinary colors itself. Imperfections and variations make the pieces special. Do the colors last? Natural vibrant colors are not like chemical colors&hellip;","og_url":"https:\/\/atelierdalice.com\/de\/info","og_site_name":"Atelier dAlice","article_modified_time":"2021-05-04T07:51:21+00:00","twitter_card":"summary_large_image","twitter_misc":{"Gesch\u00e4tzte Lesezeit":"1\u00a0Minute"},"schema":{"@context":"https:\/\/schema.org","@graph":[{"@type":"WebPage","@id":"https:\/\/atelierdalice.com\/de\/info","url":"https:\/\/atelierdalice.com\/de\/info","name":"Info - Atelier dAlice","isPartOf":{"@id":"https:\/\/atelierdalice.com\/de\/#website"},"datePublished":"2021-05-04T07:41:49+00:00","dateModified":"2021-05-04T07:51:21+00:00","breadcrumb":{"@id":"https:\/\/atelierdalice.com\/de\/info#breadcrumb"},"inLanguage":"de","potentialAction":[{"@type":"ReadAction","target":["https:\/\/atelierdalice.com\/de\/info"]}]},{"@type":"BreadcrumbList","@id":"https:\/\/atelierdalice.com\/de\/info#breadcrumb","itemListElement":[{"@type":"ListItem","position":1,"name":"Startseite","item":"https:\/\/atelierdalice.com\/"},{"@type":"ListItem","position":2,"name":"Info"}]},{"@type":"WebSite","@id":"https:\/\/atelierdalice.com\/de\/#website","url":"https:\/\/atelierdalice.com\/de\/","name":"Atelier dAlice","description":"Kleidung nachhaltig f\u00e4rben","publisher":{"@id":"https:\/\/atelierdalice.com\/de\/#organization"},"potentialAction":[{"@type":"SearchAction","target":{"@type":"EntryPoint","urlTemplate":"https:\/\/atelierdalice.com\/de\/?s={search_term_string}"},"query-input":{"@type":"PropertyValueSpecification","valueRequired":true,"valueName":"search_term_string"}}],"inLanguage":"de"},{"@type":"Organization","@id":"https:\/\/atelierdalice.com\/de\/#organization","name":"Atelier dAlice","url":"https:\/\/atelierdalice.com\/de\/","logo":{"@type":"ImageObject","inLanguage":"de","@id":"https:\/\/atelierdalice.com\/de\/#\/schema\/logo\/image\/","url":"https:\/\/atelierdalice.com\/wp-content\/uploads\/2021\/03\/Atelier-dalice-Logo-web-1.jpg","contentUrl":"https:\/\/atelierdalice.com\/wp-content\/uploads\/2021\/03\/Atelier-dalice-Logo-web-1.jpg","width":426,"height":166,"caption":"Atelier dAlice"},"image":{"@id":"https:\/\/atelierdalice.com\/de\/#\/schema\/logo\/image\/"}}]}},"_links":{"self":[{"href":"https:\/\/atelierdalice.com\/de\/wp-json\/wp\/v2\/pages\/567","targetHints":{"allow":["GET"]}}],"collection":[{"href":"https:\/\/atelierdalice.com\/de\/wp-json\/wp\/v2\/pages"}],"about":[{"href":"https:\/\/atelierdalice.com\/de\/wp-json\/wp\/v2\/types\/page"}],"author":[{"embeddable":true,"href":"https:\/\/atelierdalice.com\/de\/wp-json\/wp\/v2\/users\/1"}],"replies":[{"embeddable":true,"href":"https:\/\/atelierdalice.com\/de\/wp-json\/wp\/v2\/comments?post=567"}],"version-history":[{"count":4,"href":"https:\/\/atelierdalice.com\/de\/wp-json\/wp\/v2\/pages\/567\/revisions"}],"predecessor-version":[{"id":572,"href":"https:\/\/atelierdalice.com\/de\/wp-json\/wp\/v2\/pages\/567\/revisions\/572"}],"wp:attachment":[{"href":"https:\/\/atelierdalice.com\/de\/wp-json\/wp\/v2\/media?parent=567"}],"curies":[{"name":"wp","href":"https:\/\/api.w.org\/{rel}","templated":true}]}}